{"id":1025,"date":"2018-01-17T15:55:41","date_gmt":"2018-01-17T13:55:41","guid":{"rendered":"https:\/\/gvf.lt\/en\/?page_id=1025"},"modified":"2018-04-12T13:26:43","modified_gmt":"2018-04-12T11:26:43","slug":"cd-from-litvak-music-heritage-aerogram","status":"publish","type":"page","link":"https:\/\/gvf.lt\/en\/e-shop\/cd-from-litvak-music-heritage-aerogram\/","title":{"rendered":"CD &#8220;From Litvak Music Heritage: Aerogram&#8221;"},"content":{"rendered":"<div style=\"text-align: justify;\">\n<p><img decoding=\"async\" loading=\"lazy\" class=\"alignleft size-medium wp-image-1024\" src=\"https:\/\/gvf.lt\/en\/files\/2017\/01\/d6a4fe_8f2792a84c344867ab6e6a1d742d5736_mv2-300x281.jpg\" alt=\"d6a4fe_8f2792a84c344867ab6e6a1d742d5736_mv2\" width=\"300\" height=\"281\" data-id=\"1024\" srcset=\"https:\/\/gvf.lt\/en\/files\/2017\/01\/d6a4fe_8f2792a84c344867ab6e6a1d742d5736_mv2-300x281.jpg 300w, https:\/\/gvf.lt\/en\/files\/2017\/01\/d6a4fe_8f2792a84c344867ab6e6a1d742d5736_mv2.jpg 600w\" sizes=\"(max-width: 300px) 100vw, 300px\" \/><\/p>\n<p>Performers: Dalia D\u0117dinskait\u0117 (violin), Gleb Py\u0161niak (cello), Robertas Lozinskis (piano),\u00a0 Marius \u0160ink\u016bnas (vibraphone).<\/p>\n<\/div>\n<div style=\"text-align: justify;\"><\/div>\n<div style=\"text-align: justify;\">\n<p>Hence this project &#8211; a meaningful attempt on part of a group of Lithuanian musicians to connect past and present by following the footprints of the Litvak music heritage.<\/p>\n<\/div>\n<div style=\"text-align: justify;\">\n<p>Four young, but prominent and one of the brightest Lithuanian performers &#8211; violinist Dalia D\u0117dinskait\u0117, cellist Gleb Py\u0161niak, pianist Robertas Lozinskis and vibraphonist Marius \u0160ink\u016bnas &#8211; teamed up for a joint two-fold initiative: firstly, to record a collection of selected Lithuanian Jewish chamber music works for violin, cello, piano and vibraphone by combining them into one album, secondly, starting from November 2017, to introduce the program in a number of live performances to the audiences in over the world.<\/p>\n<\/div>\n<div style=\"text-align: justify;\">\n<p>CD is released with partial financing of the Good Will Foundation by implementing the project No.\u00a0PR\/GVF-230\/2017 by PE &#8220;Ars Lituanica&#8221;.<\/p>\n<\/div>\n<div style=\"text-align: justify;\">\n<p>Price <del>\u20ac8.00<\/del>\u00a0<span style=\"color: #ff0000;\">\u20ac5.00<\/span><\/p>\n<\/div>\n","protected":false},"excerpt":{"rendered":"<p>Performers: Dalia D\u0117dinskait\u0117 (violin), Gleb Py\u0161niak (cello), Robertas Lozinskis (piano),\u00a0 Marius \u0160ink\u016bnas (vibraphone). Hence this project &#8211; a meaningful attempt on part of a group of Lithuanian musicians to connect &hellip; <a href=\"https:\/\/gvf.lt\/en\/e-shop\/cd-from-litvak-music-heritage-aerogram\/\">Read more<\/a><\/p>\n","protected":false},"author":3,"featured_media":0,"parent":593,"menu_order":0,"comment_status":"closed","ping_status":"closed","template":"","meta":[],"_links":{"self":[{"href":"https:\/\/gvf.lt\/en\/wp-json\/wp\/v2\/pages\/1025"}],"collection":[{"href":"https:\/\/gvf.lt\/en\/wp-json\/wp\/v2\/pages"}],"about":[{"href":"https:\/\/gvf.lt\/en\/wp-json\/wp\/v2\/types\/page"}],"author":[{"embeddable":true,"href":"https:\/\/gvf.lt\/en\/wp-json\/wp\/v2\/users\/3"}],"replies":[{"embeddable":true,"href":"https:\/\/gvf.lt\/en\/wp-json\/wp\/v2\/comments?post=1025"}],"version-history":[{"count":6,"href":"https:\/\/gvf.lt\/en\/wp-json\/wp\/v2\/pages\/1025\/revisions"}],"predecessor-version":[{"id":1121,"href":"https:\/\/gvf.lt\/en\/wp-json\/wp\/v2\/pages\/1025\/revisions\/1121"}],"up":[{"embeddable":true,"href":"https:\/\/gvf.lt\/en\/wp-json\/wp\/v2\/pages\/593"}],"wp:attachment":[{"href":"https:\/\/gvf.lt\/en\/wp-json\/wp\/v2\/media?parent=1025"}],"curies":[{"name":"wp","href":"https:\/\/api.w.org\/{rel}","templated":true}]}}