{"id":1598,"date":"2019-09-03T19:45:06","date_gmt":"2019-09-03T17:45:06","guid":{"rendered":"http:\/\/gvf.lt\/en\/?page_id=1598"},"modified":"2021-09-20T21:04:23","modified_gmt":"2021-09-20T19:04:23","slug":"markas-petuchauskas-der-preis-der-eintracht-in-german","status":"publish","type":"page","link":"https:\/\/gvf.lt\/en\/e-shop\/markas-petuchauskas-der-preis-der-eintracht-in-german\/","title":{"rendered":"Markas Petuchauskas, \u201cDer Preis der Eintracht\u201c (in German)"},"content":{"rendered":"<p><img decoding=\"async\" loading=\"lazy\" class=\"alignleft size-medium wp-image-1599\" src=\"https:\/\/gvf.lt\/en\/files\/2019\/09\/Petuchauskas_Preis-205x300.jpg\" alt=\"\" width=\"205\" height=\"300\" data-id=\"1599\" srcset=\"https:\/\/gvf.lt\/en\/files\/2019\/09\/Petuchauskas_Preis-205x300.jpg 205w, https:\/\/gvf.lt\/en\/files\/2019\/09\/Petuchauskas_Preis.jpg 474w\" sizes=\"(max-width: 205px) 100vw, 205px\" \/><\/p>\n<p style=\"font-weight: 400; text-align: justify;\">Life provided the prisoner of Vilnius (Vilna) Ghetto, the famous theater critic and historian Markas Petuchauskas with such twists of fate, which you will not see even in the adventure movies. The author talks about people, who remained people during the Nazi and Soviet occupations in Lithuania. About those, who risked the life of their children in order to save the most important being on this planet \u2013 a human.<\/p>\n<p style=\"font-weight: 400; text-align: justify;\">The author revealed mesmerizingly the tremendous sources of Litvaks\u2019 art \u2013 unknown became known, memories became present. Markas Petuchauskas saw all the plays of Vilnius (Vilna) Ghetto and memorized their directors \u2013 the famous artists of Lithuanian Jerusalem.<\/p>\n<p style=\"font-weight: 400; text-align: justify;\">This publication is a translation into German language, illustrated with photos, which are important and organic continuity of the story together with the comprehensive comments by the author. A big part of the book is dedicated for the Theater of Vilnius (Vilna) Ghetto. Markas Petuchauskas was the first to speak loudly about the art center, which was unknown for the circle of professionals earlier. The author revealed the Theater of Ghetto, which is unique in the European scale and is now widely accepted. Its small stage contained the huge cultural continent of Lithuanian Jerusalem, which was created by heroic effort of artists under the conditions of ruthless Nazi regime terror. The book reveals how the Ghetto became the spiritual and emotional symbol of resistance against the Nazi regime due to the theater. How Vilnius city spread the seeds of tolerance being multinational and multicultural since the times of Grand Duchy of Lithuania. Although national cultures debated with each other, strong intellectual potential of nations, which lived here, was able to overcome all disagreements. Nowadays we notice bright reflections of tolerance and ideas of consolidation, while thinking about the strength of Vilnius (Vilna) Ghetto spirit. They matched with the experience of European Holocaust and promoted to unite against the Nazism. It gradually formed the idea of union and aspiration to be closer in European nations, which accepted the principles of western democracy.<\/p>\n<p style=\"font-weight: 400;\">&#8211;<\/p>\n<p style=\"font-weight: 400;\"><strong>Markas Petuchauskas, \u201cDer Preis der Eintracht\u201c (auf Deutsch)<\/strong><\/p>\n<p style=\"font-weight: 400; text-align: justify;\">Das Buch erz\u00e4hlt vom Leben und dem Theater im Wilnaer Getto. Von der Rettung des Autors durch Mitb\u00fcrger mit Gewissen. Vom Leben als Jude und Intellektueller unter der Sowjetherrschaft und sp\u00e4ter im wieder freien Litauen. Vom Engagement f\u00fcr das Wiederaufleben der j\u00fcdischen Kultur in Vilnius and ganz Litauen sowie dem Einsatz f\u00fcr den Dialog der Kulturen. Der Leser trifft auf weltber\u00fchmte und weniger bekannte Litwaken. Und schlie\u03b2lich berichtet Markas Petuchauskas von der exemplarischen Geschichte seiner Familie, deren Mitglieder \u00fcber die ganze Welt verstreut leben. Ein Buch, das zur Vers\u00f6hnung und Eintracht aufruft und ihren Preis aufzeigt.<\/p>\n<p style=\"font-weight: 400;\">Price: 5 Eur<\/p>\n","protected":false},"excerpt":{"rendered":"<p>Life provided the prisoner of Vilnius (Vilna) Ghetto, the famous theater critic and historian Markas Petuchauskas with such twists of fate, which you will not see even in the adventure &hellip; <a href=\"https:\/\/gvf.lt\/en\/e-shop\/markas-petuchauskas-der-preis-der-eintracht-in-german\/\">Read more<\/a><\/p>\n","protected":false},"author":3,"featured_media":0,"parent":593,"menu_order":0,"comment_status":"closed","ping_status":"closed","template":"","meta":[],"_links":{"self":[{"href":"https:\/\/gvf.lt\/en\/wp-json\/wp\/v2\/pages\/1598"}],"collection":[{"href":"https:\/\/gvf.lt\/en\/wp-json\/wp\/v2\/pages"}],"about":[{"href":"https:\/\/gvf.lt\/en\/wp-json\/wp\/v2\/types\/page"}],"author":[{"embeddable":true,"href":"https:\/\/gvf.lt\/en\/wp-json\/wp\/v2\/users\/3"}],"replies":[{"embeddable":true,"href":"https:\/\/gvf.lt\/en\/wp-json\/wp\/v2\/comments?post=1598"}],"version-history":[{"count":2,"href":"https:\/\/gvf.lt\/en\/wp-json\/wp\/v2\/pages\/1598\/revisions"}],"predecessor-version":[{"id":2464,"href":"https:\/\/gvf.lt\/en\/wp-json\/wp\/v2\/pages\/1598\/revisions\/2464"}],"up":[{"embeddable":true,"href":"https:\/\/gvf.lt\/en\/wp-json\/wp\/v2\/pages\/593"}],"wp:attachment":[{"href":"https:\/\/gvf.lt\/en\/wp-json\/wp\/v2\/media?parent=1598"}],"curies":[{"name":"wp","href":"https:\/\/api.w.org\/{rel}","templated":true}]}}