{"id":1975,"date":"2020-09-25T12:19:34","date_gmt":"2020-09-25T10:19:34","guid":{"rendered":"http:\/\/gvf.lt\/en\/?page_id=1975"},"modified":"2020-09-25T14:16:51","modified_gmt":"2020-09-25T12:16:51","slug":"ruth-reches-holocaust-survivors-experience-of-identity-lithuanian-eglish-hebrew","status":"publish","type":"page","link":"https:\/\/gvf.lt\/en\/e-shop\/ruth-reches-holocaust-survivors-experience-of-identity-lithuanian-eglish-hebrew\/","title":{"rendered":"Ruth Reches &#8220;Holocaust Survivors&#8217; Experience of Identity&#8221; (Lithuanian, English, Hebrew)"},"content":{"rendered":"<p><img decoding=\"async\" loading=\"lazy\" class=\"alignleft size-medium wp-image-1976\" src=\"https:\/\/gvf.lt\/en\/files\/2020\/09\/Reches_Holokaust\u0105-patyrusi\u0173-asmen\u0173-212x300.jpg\" alt=\"\" width=\"212\" height=\"300\" data-id=\"1976\" srcset=\"https:\/\/gvf.lt\/en\/files\/2020\/09\/Reches_Holokaust\u0105-patyrusi\u0173-asmen\u0173-212x300.jpg 212w, https:\/\/gvf.lt\/en\/files\/2020\/09\/Reches_Holokaust\u0105-patyrusi\u0173-asmen\u0173-722x1024.jpg 722w, https:\/\/gvf.lt\/en\/files\/2020\/09\/Reches_Holokaust\u0105-patyrusi\u0173-asmen\u0173.jpg 1993w\" sizes=\"(max-width: 212px) 100vw, 212px\" \/><\/p>\n<p style=\"text-align: justify;\">This book is a monograph by Ruth Reches, based on her dissertation &#8221; Holocaust Survivors&#8217; Experience of Identity &#8221; (Psychology, S 006).<\/p>\n<p style=\"text-align: justify;\">The Holocaust had long-term consequences for identity: the Holocaust formed a perception of oneself as a \u201csurvivor\u201d who acquired different values in the context of Lithuanian and Israeli societies; the survivors perceive themselves as valuing life, understanding the temporality of material values;\u00a0they perceive themselves as accepting God or as denying its existence. Survivors reveal their dual relationship to the Holocaust: they perceive themselves as having acquired strength, life experience, discovering meaning in the Holocaust, or as having lost the continuity of life, finding no meaning in traumatic experiences.<\/p>\n<p style=\"text-align: justify;\">Publication: Association &#8220;Slinktys&#8221;<\/p>\n<p style=\"text-align: justify;\">Price: 12 Eur.<\/p>\n","protected":false},"excerpt":{"rendered":"<p>This book is a monograph by Ruth Reches, based on her dissertation &#8221; Holocaust Survivors&#8217; Experience of Identity &#8221; (Psychology, S 006). The Holocaust had long-term consequences for identity: the &hellip; <a href=\"https:\/\/gvf.lt\/en\/e-shop\/ruth-reches-holocaust-survivors-experience-of-identity-lithuanian-eglish-hebrew\/\">Read more<\/a><\/p>\n","protected":false},"author":3,"featured_media":0,"parent":593,"menu_order":0,"comment_status":"closed","ping_status":"closed","template":"","meta":[],"_links":{"self":[{"href":"https:\/\/gvf.lt\/en\/wp-json\/wp\/v2\/pages\/1975"}],"collection":[{"href":"https:\/\/gvf.lt\/en\/wp-json\/wp\/v2\/pages"}],"about":[{"href":"https:\/\/gvf.lt\/en\/wp-json\/wp\/v2\/types\/page"}],"author":[{"embeddable":true,"href":"https:\/\/gvf.lt\/en\/wp-json\/wp\/v2\/users\/3"}],"replies":[{"embeddable":true,"href":"https:\/\/gvf.lt\/en\/wp-json\/wp\/v2\/comments?post=1975"}],"version-history":[{"count":2,"href":"https:\/\/gvf.lt\/en\/wp-json\/wp\/v2\/pages\/1975\/revisions"}],"predecessor-version":[{"id":1988,"href":"https:\/\/gvf.lt\/en\/wp-json\/wp\/v2\/pages\/1975\/revisions\/1988"}],"up":[{"embeddable":true,"href":"https:\/\/gvf.lt\/en\/wp-json\/wp\/v2\/pages\/593"}],"wp:attachment":[{"href":"https:\/\/gvf.lt\/en\/wp-json\/wp\/v2\/media?parent=1975"}],"curies":[{"name":"wp","href":"https:\/\/api.w.org\/{rel}","templated":true}]}}