{"id":2000,"date":"2020-10-08T15:42:13","date_gmt":"2020-10-08T13:42:13","guid":{"rendered":"http:\/\/gvf.lt\/en\/?page_id=2000"},"modified":"2020-10-08T20:35:07","modified_gmt":"2020-10-08T18:35:07","slug":"a-window-on-the-religious-world-of-lithuanias-jews-prior-to-the-holocaust-lithuanian-judaica-from-the-collection-of-mikhail-dushkes-lithuanian-english","status":"publish","type":"page","link":"https:\/\/gvf.lt\/en\/e-shop\/a-window-on-the-religious-world-of-lithuanias-jews-prior-to-the-holocaust-lithuanian-judaica-from-the-collection-of-mikhail-dushkes-lithuanian-english\/","title":{"rendered":"A Window on the Religious World of Lithuania\u2018s Jews Prior to the Holocaust. Lithuanian Judaica from the Collection of Mikhail Dushkes (Lithuanian, English)"},"content":{"rendered":"<p><img decoding=\"async\" loading=\"lazy\" class=\"alignleft size-medium wp-image-2001\" src=\"https:\/\/gvf.lt\/en\/files\/2020\/10\/Langas-\u012f-religin\u012f-pasaul\u012f-260x300.jpg\" alt=\"\" width=\"260\" height=\"300\" data-id=\"2001\" srcset=\"https:\/\/gvf.lt\/en\/files\/2020\/10\/Langas-\u012f-religin\u012f-pasaul\u012f-260x300.jpg 260w, https:\/\/gvf.lt\/en\/files\/2020\/10\/Langas-\u012f-religin\u012f-pasaul\u012f.jpg 566w\" sizes=\"(max-width: 260px) 100vw, 260px\" \/><\/p>\n<p style=\"font-weight: 400; text-align: justify;\">This album assembled by collector, athlete, academic and businessman Mikhail Dushkes provides a window into the rabbinical world of interwar Lithuania and its historical roots reaching back to the 19th century. Among the documents published in this album associated with the most important yeshivas in Lithuania (Slobodka, Telshe, Kelm, and Ponevesh) as well as the Kaunas Kollel (institution for the advance study of rabbinical literature) can be found.<\/p>\n<p style=\"font-weight: 400; text-align: justify;\">Price: 7 Eur<\/p>\n","protected":false},"excerpt":{"rendered":"<p>This album assembled by collector, athlete, academic and businessman Mikhail Dushkes provides a window into the rabbinical world of interwar Lithuania and its historical roots reaching back to the 19th &hellip; <a href=\"https:\/\/gvf.lt\/en\/e-shop\/a-window-on-the-religious-world-of-lithuanias-jews-prior-to-the-holocaust-lithuanian-judaica-from-the-collection-of-mikhail-dushkes-lithuanian-english\/\">Read more<\/a><\/p>\n","protected":false},"author":3,"featured_media":0,"parent":593,"menu_order":0,"comment_status":"closed","ping_status":"closed","template":"","meta":[],"_links":{"self":[{"href":"https:\/\/gvf.lt\/en\/wp-json\/wp\/v2\/pages\/2000"}],"collection":[{"href":"https:\/\/gvf.lt\/en\/wp-json\/wp\/v2\/pages"}],"about":[{"href":"https:\/\/gvf.lt\/en\/wp-json\/wp\/v2\/types\/page"}],"author":[{"embeddable":true,"href":"https:\/\/gvf.lt\/en\/wp-json\/wp\/v2\/users\/3"}],"replies":[{"embeddable":true,"href":"https:\/\/gvf.lt\/en\/wp-json\/wp\/v2\/comments?post=2000"}],"version-history":[{"count":2,"href":"https:\/\/gvf.lt\/en\/wp-json\/wp\/v2\/pages\/2000\/revisions"}],"predecessor-version":[{"id":2005,"href":"https:\/\/gvf.lt\/en\/wp-json\/wp\/v2\/pages\/2000\/revisions\/2005"}],"up":[{"embeddable":true,"href":"https:\/\/gvf.lt\/en\/wp-json\/wp\/v2\/pages\/593"}],"wp:attachment":[{"href":"https:\/\/gvf.lt\/en\/wp-json\/wp\/v2\/media?parent=2000"}],"curies":[{"name":"wp","href":"https:\/\/api.w.org\/{rel}","templated":true}]}}