{"id":2447,"date":"2021-09-16T17:03:44","date_gmt":"2021-09-16T15:03:44","guid":{"rendered":"http:\/\/gvf.lt\/en\/?page_id=2447"},"modified":"2021-09-16T17:03:44","modified_gmt":"2021-09-16T15:03:44","slug":"rimantas-stankevicius-desimties-stebuklu-liudytojai-lithuanian","status":"publish","type":"page","link":"https:\/\/gvf.lt\/en\/e-shop\/rimantas-stankevicius-desimties-stebuklu-liudytojai-lithuanian\/","title":{"rendered":"Rimantas  Stankevi\u010dius. De\u0161imties stebukl\u0173 liudytojai (Lithuanian)"},"content":{"rendered":"<p style=\"text-align: justify;\"><img decoding=\"async\" loading=\"lazy\" class=\"alignleft size-medium wp-image-2448\" src=\"https:\/\/gvf.lt\/en\/files\/2021\/09\/virselis-224x300.jpg\" alt=\"\" width=\"224\" height=\"300\" data-id=\"2448\" srcset=\"https:\/\/gvf.lt\/en\/files\/2021\/09\/virselis-224x300.jpg 224w, https:\/\/gvf.lt\/en\/files\/2021\/09\/virselis-765x1024.jpg 765w, https:\/\/gvf.lt\/en\/files\/2021\/09\/virselis.jpg 941w\" sizes=\"(max-width: 224px) 100vw, 224px\" \/>The author of the book lived in the Old Town of Vilnius for six decades, where, according to Czes\u0142aw Mi\u0142osz, every stone has a story. Once upon a time, events took place here, the fate of people living in the neighborhood involved the author himself, and a quarter of a century ago his attention shifted to the period of 1941-1944, when the author became interested in the fate of Jewish rescuers and rescued people. The author found documents in archives and learned dramatic and hopeful stories from the telling of people who lived in Lithuania, but ended up in Israel, Poland, France and the USA. One of them is told in this book.<\/p>\n<p style=\"text-align: justify;\">Price 8 Eur.<\/p>\n","protected":false},"excerpt":{"rendered":"<p>The author of the book lived in the Old Town of Vilnius for six decades, where, according to Czes\u0142aw Mi\u0142osz, every stone has a story. Once upon a time, events &hellip; <a href=\"https:\/\/gvf.lt\/en\/e-shop\/rimantas-stankevicius-desimties-stebuklu-liudytojai-lithuanian\/\">Read more<\/a><\/p>\n","protected":false},"author":3,"featured_media":0,"parent":593,"menu_order":0,"comment_status":"closed","ping_status":"closed","template":"","meta":[],"_links":{"self":[{"href":"https:\/\/gvf.lt\/en\/wp-json\/wp\/v2\/pages\/2447"}],"collection":[{"href":"https:\/\/gvf.lt\/en\/wp-json\/wp\/v2\/pages"}],"about":[{"href":"https:\/\/gvf.lt\/en\/wp-json\/wp\/v2\/types\/page"}],"author":[{"embeddable":true,"href":"https:\/\/gvf.lt\/en\/wp-json\/wp\/v2\/users\/3"}],"replies":[{"embeddable":true,"href":"https:\/\/gvf.lt\/en\/wp-json\/wp\/v2\/comments?post=2447"}],"version-history":[{"count":1,"href":"https:\/\/gvf.lt\/en\/wp-json\/wp\/v2\/pages\/2447\/revisions"}],"predecessor-version":[{"id":2449,"href":"https:\/\/gvf.lt\/en\/wp-json\/wp\/v2\/pages\/2447\/revisions\/2449"}],"up":[{"embeddable":true,"href":"https:\/\/gvf.lt\/en\/wp-json\/wp\/v2\/pages\/593"}],"wp:attachment":[{"href":"https:\/\/gvf.lt\/en\/wp-json\/wp\/v2\/media?parent=2447"}],"curies":[{"name":"wp","href":"https:\/\/api.w.org\/{rel}","templated":true}]}}