{"id":2509,"date":"2021-10-14T19:27:49","date_gmt":"2021-10-14T17:27:49","guid":{"rendered":"http:\/\/gvf.lt\/en\/?page_id=2509"},"modified":"2021-10-14T19:27:49","modified_gmt":"2021-10-14T17:27:49","slug":"vaclovas-juodpusis-tai-buvo-muzikines-kulturos-atspindziai-3-lithuanian","status":"publish","type":"page","link":"https:\/\/gvf.lt\/en\/e-shop\/vaclovas-juodpusis-tai-buvo-muzikines-kulturos-atspindziai-3-lithuanian\/","title":{"rendered":"Vaclovas Juodpusis. Tai buvo&#8230;Muzikin\u0117s kult\u016bros atspind\u017eiai.3 (Lithuanian)"},"content":{"rendered":"<p><img decoding=\"async\" loading=\"lazy\" class=\"alignleft size-medium wp-image-2507\" src=\"https:\/\/gvf.lt\/en\/files\/2021\/10\/doc02877620211012122406_page-0001-210x300.jpg\" alt=\"\" width=\"210\" height=\"300\" data-id=\"2507\" srcset=\"https:\/\/gvf.lt\/en\/files\/2021\/10\/doc02877620211012122406_page-0001-210x300.jpg 210w, https:\/\/gvf.lt\/en\/files\/2021\/10\/doc02877620211012122406_page-0001-716x1024.jpg 716w, https:\/\/gvf.lt\/en\/files\/2021\/10\/doc02877620211012122406_page-0001.jpg 879w\" sizes=\"(max-width: 210px) 100vw, 210px\" \/><\/p>\n<p style=\"text-align: justify;\">The book contains only a part of printed or unpublished articles in various publications in Lithuanian, Polish, Russian, Yiddish, and speech texts about Lithuanian music creators and performers, who are living or once lived not only in Lithuania but also abroad, the collection of Lithuanian folklore and its publications, famous Lithuanian musicians, collaboration in publishing encyclopedias. This book is a conclusion to the three-volumes of essays about Lithuanian music creators and performers started 20 years ago, as well as about the collection and publication of Lithuanian musical folklore and its use in the works of composers.<\/p>\n<p style=\"text-align: justify;\">Price 12 Eur.<\/p>\n","protected":false},"excerpt":{"rendered":"<p>The book contains only a part of printed or unpublished articles in various publications in Lithuanian, Polish, Russian, Yiddish, and speech texts about Lithuanian music creators and performers, who are &hellip; <a href=\"https:\/\/gvf.lt\/en\/e-shop\/vaclovas-juodpusis-tai-buvo-muzikines-kulturos-atspindziai-3-lithuanian\/\">Read more<\/a><\/p>\n","protected":false},"author":3,"featured_media":0,"parent":593,"menu_order":0,"comment_status":"closed","ping_status":"closed","template":"","meta":[],"_links":{"self":[{"href":"https:\/\/gvf.lt\/en\/wp-json\/wp\/v2\/pages\/2509"}],"collection":[{"href":"https:\/\/gvf.lt\/en\/wp-json\/wp\/v2\/pages"}],"about":[{"href":"https:\/\/gvf.lt\/en\/wp-json\/wp\/v2\/types\/page"}],"author":[{"embeddable":true,"href":"https:\/\/gvf.lt\/en\/wp-json\/wp\/v2\/users\/3"}],"replies":[{"embeddable":true,"href":"https:\/\/gvf.lt\/en\/wp-json\/wp\/v2\/comments?post=2509"}],"version-history":[{"count":1,"href":"https:\/\/gvf.lt\/en\/wp-json\/wp\/v2\/pages\/2509\/revisions"}],"predecessor-version":[{"id":2510,"href":"https:\/\/gvf.lt\/en\/wp-json\/wp\/v2\/pages\/2509\/revisions\/2510"}],"up":[{"embeddable":true,"href":"https:\/\/gvf.lt\/en\/wp-json\/wp\/v2\/pages\/593"}],"wp:attachment":[{"href":"https:\/\/gvf.lt\/en\/wp-json\/wp\/v2\/media?parent=2509"}],"curies":[{"name":"wp","href":"https:\/\/api.w.org\/{rel}","templated":true}]}}