{"id":34,"date":"2016-11-03T09:24:17","date_gmt":"2016-11-03T07:24:17","guid":{"rendered":"http:\/\/gvf.lt\/en\/?page_id=34"},"modified":"2025-03-19T21:33:12","modified_gmt":"2025-03-19T19:33:12","slug":"contact","status":"publish","type":"page","link":"https:\/\/gvf.lt\/en\/contact\/","title":{"rendered":"Contacts"},"content":{"rendered":"<div id=\"pl-34\"  class=\"panel-layout\" ><div id=\"pg-34-0\"  class=\"panel-grid panel-has-style\" ><div class=\"panel-row-style panel-row-style-for-34-0\" ><div id=\"pgc-34-0-0\"  class=\"panel-grid-cell panel-grid-cell-empty panel-grid-cell-mobile-last\" ><\/div><div id=\"pgc-34-0-1\"  class=\"panel-grid-cell panel-grid-cell-empty\" ><\/div><\/div><\/div><div id=\"pg-34-1\"  class=\"panel-grid panel-no-style\" ><div id=\"pgc-34-1-0\"  class=\"panel-grid-cell\" >\r\n          <div id=\"panel-34-1-0-0\" class=\"so-panel widget widget_virtue_gallery_widget virtue_gallery_widget panel-first-child\" data-index=\"0\" ><div id=\"kad-wp-gallery78\" class=\"kad-wp-gallery init-isotope kad-light-wp-gallery clearfix rowtight\" data-fade-in=\"1\" data-iso-selector=\".g_item\" data-iso-style=\"masonry\" data-iso-filter=\"false\"><div class=\"tcol-lg-12 tcol-md-12 tcol-sm-12 tcol-xs-12 tcol-ss-12 g_item\"><div class=\"grid_item kt_item_fade_in kad_gallery_fade_in gallery_item\"><a href=\"https:\/\/gvf.lt\/en\/files\/2024\/10\/IMG_9999-1.jpg\" rel=\"lightbox[pp_gal]\" class=\"lightboxhover\">\r\n                          <img src=\"https:\/\/gvf.lt\/en\/files\/2024\/10\/IMG_9999-1-560x420.jpg\" width=\"560\" height=\"560\" alt=\"\" class=\"light-dropshaddow\"\/><\/a><\/div><\/div><div class=\"tcol-lg-12 tcol-md-12 tcol-sm-12 tcol-xs-12 tcol-ss-12 g_item\"><div class=\"grid_item kt_item_fade_in kad_gallery_fade_in gallery_item\"><a href=\"https:\/\/gvf.lt\/en\/files\/2024\/10\/IMG_4713-1024x503-1.jpg\" rel=\"lightbox[pp_gal]\" class=\"lightboxhover\">\r\n                          <img src=\"https:\/\/gvf.lt\/en\/files\/2024\/10\/IMG_4713-1024x503-1-560x275.jpg\" width=\"560\" height=\"560\" alt=\"\" class=\"light-dropshaddow\"\/><\/a><\/div><\/div><div class=\"tcol-lg-12 tcol-md-12 tcol-sm-12 tcol-xs-12 tcol-ss-12 g_item\"><div class=\"grid_item kt_item_fade_in kad_gallery_fade_in gallery_item\"><a href=\"https:\/\/gvf.lt\/en\/files\/2024\/10\/Image-1-1024x769-1.jpg\" rel=\"lightbox[pp_gal]\" class=\"lightboxhover\">\r\n                          <img src=\"https:\/\/gvf.lt\/en\/files\/2024\/10\/Image-1-1024x769-1-560x421.jpg\" width=\"560\" height=\"560\" alt=\"\" class=\"light-dropshaddow\"\/><\/a><\/div><\/div><div class=\"tcol-lg-12 tcol-md-12 tcol-sm-12 tcol-xs-12 tcol-ss-12 g_item\"><div class=\"grid_item kt_item_fade_in kad_gallery_fade_in gallery_item\"><a href=\"https:\/\/gvf.lt\/en\/files\/2024\/10\/IMG_0980.jpg\" rel=\"lightbox[pp_gal]\" class=\"lightboxhover\">\r\n                          <img src=\"https:\/\/gvf.lt\/en\/files\/2024\/10\/IMG_0980-560x475.jpg\" width=\"560\" height=\"560\" alt=\"\" class=\"light-dropshaddow\"\/><\/a><\/div><\/div><\/div><\/div>\r\n    <div id=\"panel-34-1-0-1\" class=\"so-panel widget widget_black-studio-tinymce widget_black_studio_tinymce panel-last-child\" data-index=\"1\" ><div class=\"textwidget\"><p><strong>Director Indr\u0117 Rutkauskait\u0117<\/strong><\/p>\n<ul>\n<li><strong>Email:<\/strong> info@gvf.lt<\/li>\n<\/ul>\n<p><strong>Assistant to the director Marija Navickait\u0117<\/strong><\/p>\n<ul>\n<li><strong>Email:<\/strong> marija@gvf.lt<\/li>\n<li><strong>Phone.:<\/strong> +370 5 261 12 59<\/li>\n<li><strong>Mob.:<\/strong> +370 650 91521<\/li>\n<\/ul>\n<p><strong>Project manager Rolandas \u010cerniauskas<\/strong><\/p>\n<ul>\n<li style=\"text-align: justify;\"><strong>Email:<\/strong>\u00a0rolandas@gvf.lt<\/li>\n<li style=\"text-align: justify;\"><strong>Phone.:\u00a0<\/strong>+370 5 261 12 59<\/li>\n<li><strong>Mob.:<\/strong>\u00a0+370 650 91521<\/li>\n<\/ul>\n<p><strong>Project manager Vilma Zlatkauskait\u0117<\/strong><\/p>\n<ul>\n<li><strong>Email:<\/strong> vilma@gvf.lt<\/li>\n<li><strong>Phone.:<\/strong>\u00a0+370 5 261 12 59<\/li>\n<li><strong>Mob.:<\/strong>\u00a0+370 650 91521<\/li>\n<\/ul>\n<p><strong>Project manager Gintar\u0117 Gaulyt\u0117<\/strong><\/p>\n<ul>\n<li><strong>Email:<\/strong> gintare@gvf.lt<\/li>\n<li><strong>Phone.:<\/strong>\u00a0+370 5 261 12 59<\/li>\n<li><strong>Mob.:<\/strong>\u00a0+370 650 91521<\/li>\n<\/ul>\n<p><strong>Project manager Natalija Koriapina<\/strong><\/p>\n<ul>\n<li>On maternity leave<\/li>\n<\/ul>\n<p><strong>Chief accountant Vilma Zlatkauskait\u0117<\/strong><\/p>\n<ul>\n<li style=\"text-align: justify;\"><strong>Email:<\/strong>\u00a0admin@gvf.lt<\/li>\n<li style=\"text-align: justify;\"><strong>Phone.: <\/strong>+370 5 261 12 59<\/li>\n<li style=\"text-align: justify;\"><strong>Mob.:<\/strong> +370 650 91521<\/li>\n<\/ul>\n<p>For information about the work of former chief accountant Tomas Zaveckas at the Good Will Foundation, please contact director Indr\u0117 Rutkauskait\u0117.<\/p>\n<hr \/>\n<p><strong>Foundation's working hours:<\/strong><\/p>\n<ul>\n<li>Monday, Wednesday 08:00 AM - 05:00 PM<\/li>\n<li>Tuesday 08:00 AM - 05:00 PM<\/li>\n<li>Thursday 10:00 AM - 05:00 PM<\/li>\n<li>Friday 08:00 AM - 04:00 PM<\/li>\n<li>Lunch break 12:00 PM - 12:45 PM<\/li>\n<\/ul>\n<p><strong>Correspondence address:<\/strong><\/p>\n<ul>\n<li>Pylimo str. 4, LT-01117<\/li>\n<li>Vilnius, Lithuania<\/li>\n<\/ul>\n<p><strong>Requisite information:<\/strong><\/p>\n<ul>\n<li><span style=\"text-decoration: underline;\"><strong>Name<\/strong>: Public establishment \u201cThe Foundation for Disposal of Good Will Compensation for the Immovable Property of Jewish Religious Communities\u201d<\/span><\/li>\n<li><span style=\"text-decoration: underline;\"><strong>Address<\/strong>: Pylimo str. 4, LT-01117 Vilnius<\/span><\/li>\n<li><span style=\"text-decoration: underline;\"><strong>Legal entity code<\/strong> 302702699<\/span><\/li>\n<li><span style=\"text-decoration: underline;\"><strong>Tel<\/strong>.: +370 5 261 12 59<\/span><\/li>\n<li><span style=\"text-decoration: underline;\"><strong>Fax no.<\/strong>: +370 520 75798<\/span><\/li>\n<\/ul>\n<p>&nbsp;<\/p>\n<ul>\n<li><strong>Name of the bank<\/strong>: SWEDBANK, AB<\/li>\n<li><strong>Bank addresss<\/strong>: Konstitucijos ave. 20A, 03502 Vilnius, Lithuania<\/li>\n<li><strong>SWIFT code<\/strong>: HABALT22<\/li>\n<li><strong>PE \u201eGood Will Foundation\u201c bank account No.:<\/strong> LT89 7300 0101 5608 8041.<\/li>\n<\/ul>\n<\/div><\/div><\/div><\/div><\/div>","protected":false},"excerpt":{"rendered":"<p>Director Indr\u0117 Rutkauskait\u0117 Email: info@gvf.lt Assistant to the director Marija Navickait\u0117 Email: marija@gvf.lt Phone.: +370 5 261 12 59 Mob.: +370 650 91521 Project manager Rolandas \u010cerniauskas Email:\u00a0rolandas@gvf.lt Phone.:\u00a0+370 5 &hellip; <a href=\"https:\/\/gvf.lt\/en\/contact\/\">Read more<\/a><\/p>\n","protected":false},"author":1,"featured_media":0,"parent":0,"menu_order":0,"comment_status":"closed","ping_status":"closed","template":"page-contact-new.php","meta":[],"_links":{"self":[{"href":"https:\/\/gvf.lt\/en\/wp-json\/wp\/v2\/pages\/34"}],"collection":[{"href":"https:\/\/gvf.lt\/en\/wp-json\/wp\/v2\/pages"}],"about":[{"href":"https:\/\/gvf.lt\/en\/wp-json\/wp\/v2\/types\/page"}],"author":[{"embeddable":true,"href":"https:\/\/gvf.lt\/en\/wp-json\/wp\/v2\/users\/1"}],"replies":[{"embeddable":true,"href":"https:\/\/gvf.lt\/en\/wp-json\/wp\/v2\/comments?post=34"}],"version-history":[{"count":72,"href":"https:\/\/gvf.lt\/en\/wp-json\/wp\/v2\/pages\/34\/revisions"}],"predecessor-version":[{"id":8817,"href":"https:\/\/gvf.lt\/en\/wp-json\/wp\/v2\/pages\/34\/revisions\/8817"}],"wp:attachment":[{"href":"https:\/\/gvf.lt\/en\/wp-json\/wp\/v2\/media?parent=34"}],"curies":[{"name":"wp","href":"https:\/\/api.w.org\/{rel}","templated":true}]}}